{"id":3,"date":"2021-07-19T17:38:41","date_gmt":"2021-07-19T17:38:41","guid":{"rendered":"https:\/\/carboneria.es\/ok\/?page_id=3"},"modified":"2022-03-01T08:44:42","modified_gmt":"2022-03-01T08:44:42","slug":"politica-privacidad","status":"publish","type":"page","link":"https:\/\/carboneria.es\/es\/politica-privacidad\/","title":{"rendered":"Pol\u00edtica de privacidad"},"content":{"rendered":"[vc_row type=\u00bbin_container\u00bb full_screen_row_position=\u00bbmiddle\u00bb column_margin=\u00bbdefault\u00bb column_direction=\u00bbdefault\u00bb column_direction_tablet=\u00bbdefault\u00bb column_direction_phone=\u00bbdefault\u00bb scene_position=\u00bbcenter\u00bb text_color=\u00bbdark\u00bb text_align=\u00bbleft\u00bb row_border_radius=\u00bbnone\u00bb row_border_radius_applies=\u00bbbg\u00bb overlay_strength=\u00bb0.3&#8243; gradient_direction=\u00bbleft_to_right\u00bb shape_divider_position=\u00bbbottom\u00bb bg_image_animation=\u00bbnone\u00bb][vc_column column_padding=\u00bbno-extra-padding\u00bb column_padding_tablet=\u00bbinherit\u00bb column_padding_phone=\u00bbinherit\u00bb column_padding_position=\u00bball\u00bb column_element_spacing=\u00bbdefault\u00bb background_color_opacity=\u00bb1&#8243; background_hover_color_opacity=\u00bb1&#8243; column_shadow=\u00bbnone\u00bb column_border_radius=\u00bbnone\u00bb column_link_target=\u00bb_self\u00bb gradient_direction=\u00bbleft_to_right\u00bb overlay_strength=\u00bb0.3&#8243; width=\u00bb1\/1&#8243; tablet_width_inherit=\u00bbdefault\u00bb tablet_text_alignment=\u00bbdefault\u00bb phone_text_alignment=\u00bbdefault\u00bb bg_image_animation=\u00bbnone\u00bb border_type=\u00bbsimple\u00bb column_border_width=\u00bbnone\u00bb column_border_style=\u00bbsolid\u00bb][vc_column_text]\n<h2 class=\"wp-block-heading\">Pol\u00edtica de privacidad<\/h2>\n\n<p>Esta pol\u00edtica de privacidad contiene toda la informaci\u00f3n necesaria que debe proporcionarse a los Usuarios al momento de recoger sus datos personales a trav\u00e9s de cualquiera de los formularios del sitio web, como aquella relacionada con las finalidades, plazos de conservaci\u00f3n y base jur\u00eddica en la cual se legitima el tratamiento, c\u00f3mo se utilizan, comunican y los derechos de los Usuarios.<\/p>\n\n<p>Estas pol\u00edticas se han elaborado conforme al Reglamento (UE) 2016\/679 del Parlamento Europeo y del Consejo de 27 de abril de 2016, General de Protecci\u00f3n de Datos (RGPD) y a la normativa vigente de protecci\u00f3n de datos en Espa\u00f1a, la Ley Org\u00e1nica 3\/2018 de Protecci\u00f3n de Datos Personales y garant\u00eda de los derechos digitales.<\/p>\n\n<p><strong>Responsable del tratamiento de datos personales<\/strong><\/p>\n\n<p>El responsable de la recogida y el uso de sus datos personales seg\u00fan lo indicado en la presente pol\u00edtica de privacidad es:<\/p>\n\n<p>LESING LWP SPAIN, SLU (Lesing LWP)<br \/>info@lacarboneria.es<br \/>NIF B-66825563<br \/>Avenida Diagonal 437, 2-2,<br \/>08036 Barcelona, Espa\u00f1a<\/p>\n\n\n\n\n\n<p><strong>Principios aplicados para el tratamiento de datos personales<\/strong><\/p>\n\n<p>Los principios indicados a continuaci\u00f3n son aplicados por Lesing LWP y por cualquier persona de su plantilla que tenga acceso o de cualquier forma trate datos personales. Los datos personales ser\u00e1n siempre:<\/p>\n\n\n<ul class=\"wp-block-list\">\n<li>tratados de manera l\u00edcita, leal y transparente.<\/li>\n<li>recogidos con fines determinados, expl\u00edcitos y leg\u00edtimos, y no ser\u00e1n tratados ulteriormente de manera incompatible con dichos fines.<\/li>\n<li>adecuados, pertinentes y limitados a lo necesario en relaci\u00f3n con los fines para los que son tratados.<\/li>\n<li>exactos y, si fuera necesario, actualizados, adopt\u00e1ndose todas las medidas razonables para que se supriman o rectifiquen aquellos que sean inexactos con respecto a los fines para los que se tratan.<\/li>\n<li>conservados durante no m\u00e1s tiempo del necesario para los fines del tratamiento.<\/li>\n<li>tratados con integridad y confidencialidad, de modo tal que se garantice una seguridad adecuada de aquellos.<\/li>\n<\/ul>\n\n<p><strong>Tipos de datos personales tratados y finalidad\u00a0<\/strong><\/p>\n\n<p>Los datos personales que se proporcionen deber\u00e1n ser verdaderos, exactos y completos y mantenerse actualizados. El registro de datos mediante la utilizaci\u00f3n del formulario es obligatorio, al menos aquellos marcados como tales, e implicar\u00e1 que ha sido informado y que ha prestado su consentimiento al contenido de la presente pol\u00edtica de privacidad. La falta de aportaci\u00f3n de estos, o el suministro de datos incorrectos, imposibilitar\u00e1 que podamos gestionar correctamente las solicitudes efectuadas.<\/p>\n\n<p>En nuestro sitio web recogemos las siguientes categor\u00edas de datos personales:<\/p>\n\n\n<ul class=\"wp-block-list\">\n<li>Informaci\u00f3n relacionada con atenci\u00f3n a solicitudes y resoluci\u00f3n de consultas, como nombre, apellidos, correo electr\u00f3nico y tel\u00e9fono de contacto. Estos datos personales se almacenan en nuestras bases de datos para la gesti\u00f3n de solicitudes y relaciones comerciales en la promoci\u00f3n inmobiliaria de la Carboner\u00eda y se usar\u00e1n para completar cualquier solicitud electr\u00f3nica o consulta a trav\u00e9s de nuestro sitio web.<\/li>\n<\/ul>\n\n<p>En cualquier momento puede modificar su informaci\u00f3n o preferencias o proporcionar detalles adicionales.<\/p>\n\n<p>No utilizaremos sus datos personales para tomar decisiones automatizadas que afecten o creen perfiles distintos de los descritos anteriormente. En cualquier caso, si existiera un tratamiento posterior de los datos cuya finalidad sea distinta a aquella para la cual inicialmente se recogieron le informaremos sobre todos los aspectos relevantes a este otro fin antes de proceder a dicho tratamiento ulterior.<\/p>\n\n<p>La informaci\u00f3n personal que facilite a terceros incluidos en el sitio web, ajenos al responsable, como podr\u00edan ser solicitudes relacionadas con prensa o medios, o consultor\u00eda inmobiliaria y ventas, se regir\u00e1n por las propias pol\u00edticas de privacidad del tercero, por lo que recomendamos consultarlas directamente con aquellos, o a trav\u00e9s de sus sitios web.<\/p>\n\n<p><strong>Tiempo de conservaci\u00f3n de los datos personales<\/strong><\/p>\n\n<p>Los datos personales facilitados se conservar\u00e1n mientras dure la ejecuci\u00f3n de las gestiones precontractuales, atenci\u00f3n a solicitudes y resoluci\u00f3n de consultas y en cualquier caso durante el tiempo necesario para cumplir con la finalidad para la que se recabaron y para determinar las posibles responsabilidades que se pudieran derivar de dicha finalidad y tratamiento.<\/p>\n\n<p>Para determinar el per\u00edodo de conservaci\u00f3n apropiado para los datos personales, tambi\u00e9n nos basamos en la cantidad, tipo y sensibilidad de los datos personales, el riesgo potencial de da\u00f1o por el uso no autorizado o la divulgaci\u00f3n de sus datos personales, los fines para los cuales procesamos sus datos personales y los requisitos legales que apliquen.<\/p>\n\n<p><strong>Legitimaci\u00f3n para tratar datos personales<\/strong><\/p>\n\n<p>Tratamos sus datos personales en base al consentimiento otorgado para la atenci\u00f3n de solicitudes y consultas efectuadas a trav\u00e9s de nuestro sitio web.<\/p>\n\n<p><strong>Destinatarios de los datos personales<\/strong><\/p>\n\n<p>Los datos personales podr\u00e1n ser comunicados a los siguientes destinatarios:<\/p>\n\n\n<ul class=\"wp-block-list\">\n<li>Empresas encargadas del tratamiento de datos, como proveedores que prestan servicios a Lesing LWP, como puede ser gestores de contenido del sitio web y relaci\u00f3n con clientes, o consultoras inmobiliarias o de promoci\u00f3n y venta de las unidades residenciales. Los proveedores de servicios est\u00e1n autorizados a utilizar la informaci\u00f3n s\u00f3lo en la medida en que sea necesario para realizar y prestar los servicios para los que fueron contratados y con sujeci\u00f3n a los t\u00e9rminos establecidos en los contratos de encargo de tratamiento celebrados y en esta Pol\u00edtica de Privacidad.<\/li>\n<li>Administraciones y Organismos P\u00fablicos, cuando as\u00ed lo exija la normativa fiscal, laboral o cualquier otra aplicable.<\/li>\n<\/ul>\n\n<p>En caso de producirse transferencias internacionales de datos a raz\u00f3n de las anteriores comunicaciones, en el supuesto que las empresas destinatarias se encuentren fuera del Espacio Econ\u00f3mico Europeo, Lesing LWP utilizar\u00e1 las cl\u00e1usulas contractuales tipo adaptadas por la Comisi\u00f3n Europea recientemente en junio 2021, como garant\u00eda de aquellas transferencias realizadas a pa\u00edses que no cuentan con una decisi\u00f3n de adecuaci\u00f3n de la Comisi\u00f3n Europea.<\/p>\n\n<p>En todo caso, aquellos terceros con los cuales se compartan determinados datos de car\u00e1cter personal habr\u00e1n acreditado con car\u00e1cter previo la adopci\u00f3n de medidas t\u00e9cnicas y organizativas adecuadas para la correcta protecci\u00f3n de los mismos de acuerdo con el RGPD.<\/p>\n\n<p>Nos comprometemos a nunca utilizar sus datos personales para fines distintos a los determinados en esta pol\u00edtica de privacidad, ni cederlos de forma ileg\u00edtima a terceros.<\/p>\n\n<p><strong>Derechos de las personas<\/strong><\/p>\n\n<p>Los Usuarios podr\u00e1n ejercer cualquiera de los derechos reconocidos en la normativa de protecci\u00f3n de datos ante nosotros.<\/p>\n\n<p>Nos comprometemos a respetar y facilitar el ejercicio de estos derechos y, en particular, de los derechos de acceso, rectificaci\u00f3n, suspensi\u00f3n, oposici\u00f3n, limitaci\u00f3n del tratamiento y portabilidad de los datos. Estos derechos podr\u00e1n ser ejercidos mediante el env\u00edo un correo electr\u00f3nico a <a href=\"mailto:info@lacarboneria.es\">info@lacarboneria.es<\/a>.<\/p>\n\n<p>Le facilitaremos toda la informaci\u00f3n necesaria relativa a las actuaciones que realicemos sobre la base de cualquier solicitud de ejercicio de los derechos que como interesado le conciernan, dentro de los plazos legales estipulados.<\/p>\n\n<p>En todo caso, le informamos que puede presentar reclamaci\u00f3n frente a la <a href=\"https:\/\/www.aepd.es\/agencia\/contacto.html\">Agencia Espa\u00f1ola de Protecci\u00f3n de Datos<\/a> para la tutela de cualquiera de sus derechos.<\/p>\n\n<p><strong>Aplicaci\u00f3n de medidas de seguridad sobre los datos personales<\/strong><\/p>\n\n<p>Garantizamos que mantenemos los niveles de seguridad necesarios para la protecci\u00f3n de datos personales que nos facilita a trav\u00e9s del sitio web conforme a la normativa vigente, y que se han establecido y aplican todas las medidas t\u00e9cnicas y organizativas correspondientes para evitar la p\u00e9rdida, destrucci\u00f3n o da\u00f1o accidental, mal uso, alteraci\u00f3n y tratamiento no autorizado o il\u00edcito de los datos facilitados.<\/p>\n\n<p>Tambi\u00e9n hemos implantado un procedimiento de notificaci\u00f3n en caso de que exista cualquier sospecha de violaci\u00f3n en la seguridad de los datos personales, dirigido a los interesados y tambi\u00e9n a la autoridad de control que corresponda.<\/p>\n\n<p><strong>Contacto<\/strong><\/p>\n\n<p>Si tiene alguna inquietud o comentario sobre el uso de sus datos personales, por favor contacte con nosotros por correo electr\u00f3nico a <a href=\"mailto:info@carboneria.es\">info@carboneria.es<\/a>.<\/p>\n\n<p>&nbsp;<\/p>\n[\/vc_column_text][\/vc_column][\/vc_row]\n","protected":false},"excerpt":{"rendered":"<p>[vc_row type=\u00bbin_container\u00bb full_screen_row_position=\u00bbmiddle\u00bb column_margin=\u00bbdefault\u00bb column_direction=\u00bbdefault\u00bb column_direction_tablet=\u00bbdefault\u00bb column_direction_phone=\u00bbdefault\u00bb scene_position=\u00bbcenter\u00bb text_color=\u00bbdark\u00bb text_align=\u00bbleft\u00bb row_border_radius=\u00bbnone\u00bb row_border_radius_applies=\u00bbbg\u00bb overlay_strength=\u00bb0.3&#8243; gradient_direction=\u00bbleft_to_right\u00bb shape_divider_position=\u00bbbottom\u00bb bg_image_animation=\u00bbnone\u00bb][vc_column column_padding=\u00bbno-extra-padding\u00bb column_padding_tablet=\u00bbinherit\u00bb column_padding_phone=\u00bbinherit\u00bb column_padding_position=\u00bball\u00bb column_element_spacing=\u00bbdefault\u00bb background_color_opacity=\u00bb1&#8243; background_hover_color_opacity=\u00bb1&#8243; column_shadow=\u00bbnone\u00bb column_border_radius=\u00bbnone\u00bb column_link_target=\u00bb_self\u00bb gradient_direction=\u00bbleft_to_right\u00bb overlay_strength=\u00bb0.3&#8243; width=\u00bb1\/1&#8243; tablet_width_inherit=\u00bbdefault\u00bb tablet_text_alignment=\u00bbdefault\u00bb phone_text_alignment=\u00bbdefault\u00bb bg_image_animation=\u00bbnone\u00bb border_type=\u00bbsimple\u00bb column_border_width=\u00bbnone\u00bb column_border_style=\u00bbsolid\u00bb][vc_column_text] Pol\u00edtica de privacidad Esta pol\u00edtica de privacidad contiene toda la informaci\u00f3n necesaria que debe proporcionarse a los Usuarios al momento de recoger sus datos&#8230;<\/p>\n","protected":false},"author":1,"featured_media":0,"parent":0,"menu_order":0,"comment_status":"closed","ping_status":"open","template":"","meta":{"footnotes":""},"class_list":["post-3","page","type-page","status-publish"],"_links":{"self":[{"href":"https:\/\/carboneria.es\/es\/wp-json\/wp\/v2\/pages\/3","targetHints":{"allow":["GET"]}}],"collection":[{"href":"https:\/\/carboneria.es\/es\/wp-json\/wp\/v2\/pages"}],"about":[{"href":"https:\/\/carboneria.es\/es\/wp-json\/wp\/v2\/types\/page"}],"author":[{"embeddable":true,"href":"https:\/\/carboneria.es\/es\/wp-json\/wp\/v2\/users\/1"}],"replies":[{"embeddable":true,"href":"https:\/\/carboneria.es\/es\/wp-json\/wp\/v2\/comments?post=3"}],"version-history":[{"count":0,"href":"https:\/\/carboneria.es\/es\/wp-json\/wp\/v2\/pages\/3\/revisions"}],"wp:attachment":[{"href":"https:\/\/carboneria.es\/es\/wp-json\/wp\/v2\/media?parent=3"}],"curies":[{"name":"wp","href":"https:\/\/api.w.org\/{rel}","templated":true}]}}